{"id":2,"date":"2013-05-28T07:13:01","date_gmt":"2013-05-28T07:13:01","guid":{"rendered":"http:\/\/salzburg.taekwondokim-obertrum.net\/?page_id=2"},"modified":"2013-06-01T12:20:54","modified_gmt":"2013-06-01T12:20:54","slug":"sample-page","status":"publish","type":"page","link":"https:\/\/taekwondosalzburg.at\/","title":{"rendered":"Tae Kwon Do"},"content":{"rendered":"<p><strong>TAE KWON DO<\/strong> ist eine fern\u00f6stliche Kampfsportart aus Korea und l\u00e4\u00dft sich als eine waffenlose Kunst der Selbstverteidigung beschreiben. Die Technik besteht aus Variationen von Schl\u00e4gen und St\u00f6\u00dfen mit den H\u00e4nden, Armen, Beinen und F\u00fc\u00dfen, deren Erlernen in erster Linie der Pers\u00f6nlichkeitsentfaltung dient.<\/p>\n<p><strong>TAE<\/strong>: Fu\u00df, sto\u00dfen<br \/>\n<strong>KWON<\/strong>: Faust<br \/>\n<strong>DO<\/strong>: Weg (hier ist der Weg des Geistes gemeint).<\/p>\n<p>Obwohl Taekwondo f\u00fcr den laienhaften Betrachter gro\u00dfe \u00c4hnlichkeiten mit anderen asiatischen Kampfsportarten aufweist, so unterscheidet es sich doch in einigen wesentlichen Punkten von diesen.<\/p>\n<p>Ein wichtiger Unterscheidungspunkt ist der stark ausgepr\u00e4gte Formenlauf (auch Schattenkampf genannt), in dem insbesondere Stellungen, Bewegungsabl\u00e4ufe und Pr\u00e4zision trainiert werden. Dar\u00fcber hinaus ist die Taekwondo-Technik sehr auf Schnelligkeit und Dynamik ausgelegt, was nicht zuletzt durch den Wettkampf bedingt ist. Im Taekwondo dominieren Fu\u00dftechniken deutlicher als in vergleichbaren Kampfsportarten.<\/p>\n<p><strong>Gesundheit und TAE KWON DO<\/strong><br \/>\n<strong>TAE KWON DO<\/strong> dient nicht nur dem Selbstaufbau, der Selbstwiederherstellung, der Selbstvitalisierung und der Selbstregulierung, sondern wirkt auch in geistig-psychologische Bereiche. Es verschafft ein gesundes seelisch-k\u00f6rperliches Gleichgewicht. Durch das stetige \u00dcben wird die Abwehrkraft erh\u00f6ht, die Konstitution und die geistige Disziplin gest\u00e4rkt. Unsere Gesundheit wird von vielen Einfl\u00fcssen mitbestimmt: Berufs- und Alltagsleben, Ern\u00e4hrung, Lebenseinstellung und Lebensgewohnheiten.<\/p>\n<p><strong>TAE KWON DO<\/strong> kann eine M\u00f6glichkeit sein, sich eine ges\u00fcndere und<br \/>\nvitalere Lebensweise anzueignen. Regelm\u00e4\u00dfiges Training von Gymnastik, Ausdauer, Atem- und Konzentrations\u00fcbungen bewirkt die positive Ver\u00e4nderung und St\u00e4rkung der Funktionen von Herz, Kreislauf, Atmung, Verdauung und des Nervensystems.<\/p>\n<p>Quellen:<br \/>\nwikipedia.de<\/p>\n","protected":false},"excerpt":{"rendered":"<p>TAE KWON DO ist eine fern\u00f6stliche Kampfsportart aus Korea und l\u00e4\u00dft sich als eine waffenlose Kunst der Selbstverteidigung beschreiben. Die Technik besteht aus Variationen von Schl\u00e4gen und St\u00f6\u00dfen mit den H\u00e4nden, Armen, Beinen und F\u00fc\u00dfen, deren Erlernen in erster Linie der Pers\u00f6nlichkeitsentfaltung dient. TAE: Fu\u00df, sto\u00dfen KWON: Faust DO: Weg (hier ist der Weg des&hellip;<\/p>\n","protected":false},"author":1,"featured_media":0,"parent":0,"menu_order":0,"comment_status":"closed","ping_status":"closed","template":"","meta":[],"_links":{"self":[{"href":"https:\/\/taekwondosalzburg.at\/index.php?rest_route=\/wp\/v2\/pages\/2"}],"collection":[{"href":"https:\/\/taekwondosalzburg.at\/index.php?rest_route=\/wp\/v2\/pages"}],"about":[{"href":"https:\/\/taekwondosalzburg.at\/index.php?rest_route=\/wp\/v2\/types\/page"}],"author":[{"embeddable":true,"href":"https:\/\/taekwondosalzburg.at\/index.php?rest_route=\/wp\/v2\/users\/1"}],"replies":[{"embeddable":true,"href":"https:\/\/taekwondosalzburg.at\/index.php?rest_route=%2Fwp%2Fv2%2Fcomments&post=2"}],"version-history":[{"count":3,"href":"https:\/\/taekwondosalzburg.at\/index.php?rest_route=\/wp\/v2\/pages\/2\/revisions"}],"predecessor-version":[{"id":23,"href":"https:\/\/taekwondosalzburg.at\/index.php?rest_route=\/wp\/v2\/pages\/2\/revisions\/23"}],"wp:attachment":[{"href":"https:\/\/taekwondosalzburg.at\/index.php?rest_route=%2Fwp%2Fv2%2Fmedia&parent=2"}],"curies":[{"name":"wp","href":"https:\/\/api.w.org\/{rel}","templated":true}]}}