{"id":7,"date":"2013-05-28T14:12:03","date_gmt":"2013-05-28T14:12:03","guid":{"rendered":"http:\/\/salzburg.taekwondokim-obertrum.net\/?page_id=7"},"modified":"2018-05-24T18:49:43","modified_gmt":"2018-05-24T18:49:43","slug":"impressum","status":"publish","type":"page","link":"https:\/\/taekwondosalzburg.at\/?page_id=7","title":{"rendered":"Impressum &#038; Datenschutz"},"content":{"rendered":"<p>Prof. Mag. Kim Yang Woong<br \/>\nInternationaler Trainer 9. Dan<br \/>\nGetreidegasse 24\/3<br \/>\n5020 Salzburg<br \/>\nTel. 0662\/ 84 08 20<\/p>\n<p>E-Mail: <a href=\"mailto:\/\/webmaster@taekwondosalzburg.at\">webmaster@taekwondosalzburg.at<\/a><\/p>\n<h2><strong>Haftungsausschluss<\/strong><\/h2>\n<p>Die Informationen auf dieser Seite sind allgemeiner und informativer Art.<br \/>\nDie Inhalte dieser Seiten werden mit gr\u00f6\u00dfter Sorgfalt erstellt. F\u00fcr Richtigkeit,<br \/>\nVollst\u00e4ndigkeit und Aktualit\u00e4t dieser Inhalte kann jedoch keine Haftung<br \/>\n\u00fcbernommen werden. F\u00fcr Inhalte von Seiten, die durch einen Link auf<br \/>\nSeiten von taekwondosalzburg.at oder durch einen technische Fehlfunktion<br \/>\noder durch vors\u00e4tzliche Manipulation Dritter oder fahrl\u00e4ssige, grob<br \/>\nfahrl\u00e4ssige oder vors\u00e4tzliche Fehlleitung Dritter erreicht werden,<br \/>\nwird keine Haftung \u00fcbernommen.<\/p>\n<h2><strong>Datenschutz<\/strong><\/h2>\n<p>Der Schutz Ihrer pers\u00f6nlichen Daten ist uns ein besonderes Anliegen. Wir verarbeiten Ihre Daten daher ausschlie\u00dflich auf Grundlage der gesetzlichen Bestimmungen (DSGVO, TKG 2003). In diesen Datenschutzinformationen informieren wir Sie \u00fcber die wichtigsten Aspekte der Datenverarbeitung im Rahmen unserer Website.<\/p>\n<p><strong>Kontakt mit uns<\/strong><br \/>\nWenn Sie per Formular auf der Website oder per E-Mail Kontakt mit uns aufnehmen, werden Ihre angegebenen Daten zwecks Bearbeitung der Anfrage und f\u00fcr den Fall von Anschlussfragen uns nicht dauerhaft gespeichert. Diese Daten geben wir nicht ohne Ihre Einwilligung weiter.<\/p>\n<p><strong>Cookies<\/strong><br \/>\nUnsere Website verwendet so genannte Cookies. Dabei handelt es sich um kleine Textdateien, die mit Hilfe des Browsers auf Ihrem Endger\u00e4t abgelegt werden. Sie richten keinen Schaden an.<br \/>\nWir nutzen Cookies dazu, unser Angebot nutzerfreundlich zu gestalten. Einige Cookies bleiben auf Ihrem Endger\u00e4t gespeichert, bis Sie diese l\u00f6schen. Sie erm\u00f6glichen es uns, Ihren Browser beim n\u00e4chsten Besuch wiederzuerkennen.<br \/>\nWenn Sie dies nicht w\u00fcnschen, so k\u00f6nnen Sie Ihren Browser so einrichten, dass er Sie \u00fcber das Setzen von Cookies informiert und Sie dies nur im Einzelfall erlauben.<br \/>\nBei der Deaktivierung von Cookies kann die Funktionalit\u00e4t unserer Website eingeschr\u00e4nkt sein.<\/p>\n<p><strong>Ihre Rechte<\/strong><br \/>\nIhnen stehen grunds\u00e4tzlich die Rechte auf Auskunft, Berichtigung, L\u00f6schung, Einschr\u00e4nkung, Daten\u00fcbertragbarkeit, Widerruf und Widerspruch zu.<br \/>\nWenn Sie glauben, dass die Verarbeitung Ihrer Daten gegen das Datenschutzrecht verst\u00f6\u00dft oder Ihre datenschutzrechtlichen Anspr\u00fcche sonst in einer Weise verletzt worden sind, k\u00f6nnen Sie sich bei der Aufsichtsbeh\u00f6rde beschweren. In \u00d6sterreich ist dies die Datenschutzbeh\u00f6rde.<\/p>\n<h4 id=\"heading_Sie_erreichen_uns_unter_folgenden_Kontaktdaten_\">Sie erreichen uns unter folgenden Kontaktdaten:<\/h4>\n<p><i><br \/>\nkontakt@taekwondosalzburg.at<br \/>\n<\/i>Tel. 0662\/ 84 08 20<\/p>\n","protected":false},"excerpt":{"rendered":"<p>Prof. Mag. Kim Yang Woong Internationaler Trainer 9. Dan Getreidegasse 24\/3 5020 Salzburg Tel. 0662\/ 84 08 20 E-Mail: webmaster@taekwondosalzburg.at Haftungsausschluss Die Informationen auf dieser Seite sind allgemeiner und informativer Art. Die Inhalte dieser Seiten werden mit gr\u00f6\u00dfter Sorgfalt erstellt. F\u00fcr Richtigkeit, Vollst\u00e4ndigkeit und Aktualit\u00e4t dieser Inhalte kann jedoch keine Haftung \u00fcbernommen werden. F\u00fcr Inhalte&hellip;<\/p>\n","protected":false},"author":1,"featured_media":0,"parent":0,"menu_order":90,"comment_status":"closed","ping_status":"closed","template":"","meta":[],"_links":{"self":[{"href":"https:\/\/taekwondosalzburg.at\/index.php?rest_route=\/wp\/v2\/pages\/7"}],"collection":[{"href":"https:\/\/taekwondosalzburg.at\/index.php?rest_route=\/wp\/v2\/pages"}],"about":[{"href":"https:\/\/taekwondosalzburg.at\/index.php?rest_route=\/wp\/v2\/types\/page"}],"author":[{"embeddable":true,"href":"https:\/\/taekwondosalzburg.at\/index.php?rest_route=\/wp\/v2\/users\/1"}],"replies":[{"embeddable":true,"href":"https:\/\/taekwondosalzburg.at\/index.php?rest_route=%2Fwp%2Fv2%2Fcomments&post=7"}],"version-history":[{"count":7,"href":"https:\/\/taekwondosalzburg.at\/index.php?rest_route=\/wp\/v2\/pages\/7\/revisions"}],"predecessor-version":[{"id":79,"href":"https:\/\/taekwondosalzburg.at\/index.php?rest_route=\/wp\/v2\/pages\/7\/revisions\/79"}],"wp:attachment":[{"href":"https:\/\/taekwondosalzburg.at\/index.php?rest_route=%2Fwp%2Fv2%2Fmedia&parent=7"}],"curies":[{"name":"wp","href":"https:\/\/api.w.org\/{rel}","templated":true}]}}